{"id":33,"date":"2024-08-23T22:37:14","date_gmt":"2024-08-23T22:37:14","guid":{"rendered":"https:\/\/amercavalcant.com\/?page_id=33"},"modified":"2026-02-06T20:12:43","modified_gmt":"2026-02-06T20:12:43","slug":"sobre","status":"publish","type":"page","link":"https:\/\/amercavalcant.com\/it\/sobre\/","title":{"rendered":"Informazioni"},"content":{"rendered":"\t\t<div data-elementor-type=\"wp-page\" data-elementor-id=\"33\" class=\"elementor elementor-33\" data-elementor-post-type=\"page\">\n\t\t\t\t<div class=\"elementor-element elementor-element-94dfc29 e-flex e-con-boxed e-con e-parent\" data-id=\"94dfc29\" data-element_type=\"container\" data-e-type=\"container\" data-settings=\"{&quot;background_background&quot;:&quot;classic&quot;,&quot;sticky&quot;:&quot;top&quot;,&quot;sticky_on&quot;:[&quot;widescreen&quot;,&quot;desktop&quot;,&quot;laptop&quot;,&quot;tablet_extra&quot;,&quot;tablet&quot;,&quot;mobile_extra&quot;,&quot;mobile&quot;],&quot;sticky_offset&quot;:0,&quot;sticky_effects_offset&quot;:0,&quot;sticky_anchor_link_offset&quot;:0}\">\n\t\t\t\t\t<div class=\"e-con-inner\">\n\t\t<div class=\"elementor-element elementor-element-1e4bf85 e-con-full e-flex e-con e-child\" data-id=\"1e4bf85\" data-element_type=\"container\" data-e-type=\"container\">\n\t\t\t\t<div class=\"elementor-element elementor-element-d24d9cb elementor-widget elementor-widget-image\" data-id=\"d24d9cb\" data-element_type=\"widget\" data-e-type=\"widget\" data-widget_type=\"image.default\">\n\t\t\t\t<div class=\"elementor-widget-container\">\n\t\t\t\t\t\t\t\t\t\t\t\t\t\t\t\t<a href=\"https:\/\/amercavalcant.com\/\">\n\t\t\t\t\t\t\t<img fetchpriority=\"high\" decoding=\"async\" width=\"704\" height=\"200\" src=\"https:\/\/amercavalcant.com\/wp-content\/uploads\/2024\/08\/logo-amer-cavalcant-presset-lightroom2-768x212.png.webp\" class=\"attachment-large size-large wp-image-24\" alt=\"\" srcset=\"https:\/\/amercavalcant.com\/wp-content\/uploads\/2024\/08\/logo-amer-cavalcant-presset-lightroom2-768x212.png.webp 704w, https:\/\/amercavalcant.com\/wp-content\/uploads\/2024\/08\/logo-amer-cavalcant-presset-lightroom2-768x212.png-300x85.webp 300w\" sizes=\"(max-width: 704px) 100vw, 704px\" \/>\t\t\t\t\t\t\t\t<\/a>\n\t\t\t\t\t\t\t\t\t\t\t\t\t\t\t<\/div>\n\t\t\t\t<\/div>\n\t\t\t\t<\/div>\n\t\t<div class=\"elementor-element elementor-element-e98aa84 e-con-full e-flex e-con e-child\" data-id=\"e98aa84\" data-element_type=\"container\" data-e-type=\"container\">\n\t\t\t\t<div class=\"elementor-element elementor-element-967f7d5 elementor-nav-menu--dropdown-mobile elementor-nav-menu--stretch elementor-nav-menu__text-align-center elementor-nav-menu__align-center elementor-nav-menu--toggle elementor-nav-menu--burger elementor-widget elementor-widget-nav-menu\" data-id=\"967f7d5\" data-element_type=\"widget\" data-e-type=\"widget\" data-settings=\"{&quot;full_width&quot;:&quot;stretch&quot;,&quot;layout&quot;:&quot;horizontal&quot;,&quot;submenu_icon&quot;:{&quot;value&quot;:&quot;&lt;svg aria-hidden=\\&quot;true\\&quot; class=\\&quot;e-font-icon-svg e-fas-caret-down\\&quot; viewBox=\\&quot;0 0 320 512\\&quot; xmlns=\\&quot;http:\\\/\\\/www.w3.org\\\/2000\\\/svg\\&quot;&gt;&lt;path d=\\&quot;M31.3 192h257.3c17.8 0 26.7 21.5 14.1 34.1L174.1 354.8c-7.8 7.8-20.5 7.8-28.3 0L17.2 226.1C4.6 213.5 13.5 192 31.3 192z\\&quot;&gt;&lt;\\\/path&gt;&lt;\\\/svg&gt;&quot;,&quot;library&quot;:&quot;fa-solid&quot;},&quot;toggle&quot;:&quot;burger&quot;}\" data-widget_type=\"nav-menu.default\">\n\t\t\t\t<div class=\"elementor-widget-container\">\n\t\t\t\t\t\t\t\t<nav aria-label=\"Menu\" class=\"elementor-nav-menu--main elementor-nav-menu__container elementor-nav-menu--layout-horizontal e--pointer-underline e--animation-fade\">\n\t\t\t\t<ul id=\"menu-1-967f7d5\" class=\"elementor-nav-menu\"><li class=\"menu-item menu-item-type-post_type menu-item-object-page menu-item-home menu-item-42\"><a href=\"https:\/\/amercavalcant.com\/it\/\" class=\"elementor-item\">Home<\/a><\/li>\n<li class=\"menu-item menu-item-type-post_type menu-item-object-page menu-item-41\"><a href=\"https:\/\/amercavalcant.com\/it\/portfolio\/\" class=\"elementor-item\">Portf\u00f3lio<\/a><\/li>\n<li class=\"menu-item menu-item-type-post_type menu-item-object-page menu-item-902\"><a href=\"https:\/\/amercavalcant.com\/it\/loja\/\" class=\"elementor-item\">Presets<\/a><\/li>\n<li class=\"menu-item menu-item-type-post_type menu-item-object-page menu-item-1439\"><a href=\"https:\/\/amercavalcant.com\/it\/tours\/\" class=\"elementor-item\">Expedi\u00e7\u00f5es<\/a><\/li>\n<li class=\"menu-item menu-item-type-post_type menu-item-object-page menu-item-38\"><a href=\"https:\/\/amercavalcant.com\/it\/sobre\/\" class=\"elementor-item\">Sobre<\/a><\/li>\n<li class=\"menu-item menu-item-type-post_type menu-item-object-page menu-item-37\"><a href=\"https:\/\/amercavalcant.com\/it\/contato\/\" class=\"elementor-item\">Contato<\/a><\/li>\n<\/ul>\t\t\t<\/nav>\n\t\t\t\t\t<div class=\"elementor-menu-toggle\" role=\"button\" tabindex=\"0\" aria-label=\"Menu Toggle\" aria-expanded=\"false\">\n\t\t\t<svg aria-hidden=\"true\" role=\"presentation\" class=\"elementor-menu-toggle__icon--open e-font-icon-svg e-eicon-menu-bar\" viewBox=\"0 0 1000 1000\" xmlns=\"http:\/\/www.w3.org\/2000\/svg\"><path d=\"M104 333H896C929 333 958 304 958 271S929 208 896 208H104C71 208 42 237 42 271S71 333 104 333ZM104 583H896C929 583 958 554 958 521S929 458 896 458H104C71 458 42 487 42 521S71 583 104 583ZM104 833H896C929 833 958 804 958 771S929 708 896 708H104C71 708 42 737 42 771S71 833 104 833Z\"><\/path><\/svg><svg aria-hidden=\"true\" role=\"presentation\" class=\"elementor-menu-toggle__icon--close e-font-icon-svg e-eicon-close\" viewBox=\"0 0 1000 1000\" xmlns=\"http:\/\/www.w3.org\/2000\/svg\"><path d=\"M742 167L500 408 258 167C246 154 233 150 217 150 196 150 179 158 167 167 154 179 150 196 150 212 150 229 154 242 171 254L408 500 167 742C138 771 138 800 167 829 196 858 225 858 254 829L496 587 738 829C750 842 767 846 783 846 800 846 817 842 829 829 842 817 846 804 846 783 846 767 842 750 829 737L588 500 833 258C863 229 863 200 833 171 804 137 775 137 742 167Z\"><\/path><\/svg>\t\t<\/div>\n\t\t\t\t\t<nav class=\"elementor-nav-menu--dropdown elementor-nav-menu__container\" aria-hidden=\"true\">\n\t\t\t\t<ul id=\"menu-2-967f7d5\" class=\"elementor-nav-menu\"><li class=\"menu-item menu-item-type-post_type menu-item-object-page menu-item-home menu-item-42\"><a href=\"https:\/\/amercavalcant.com\/it\/\" class=\"elementor-item\" tabindex=\"-1\">Home<\/a><\/li>\n<li class=\"menu-item menu-item-type-post_type menu-item-object-page menu-item-41\"><a href=\"https:\/\/amercavalcant.com\/it\/portfolio\/\" class=\"elementor-item\" tabindex=\"-1\">Portf\u00f3lio<\/a><\/li>\n<li class=\"menu-item menu-item-type-post_type menu-item-object-page menu-item-902\"><a href=\"https:\/\/amercavalcant.com\/it\/loja\/\" class=\"elementor-item\" tabindex=\"-1\">Presets<\/a><\/li>\n<li class=\"menu-item menu-item-type-post_type menu-item-object-page menu-item-1439\"><a href=\"https:\/\/amercavalcant.com\/it\/tours\/\" class=\"elementor-item\" tabindex=\"-1\">Expedi\u00e7\u00f5es<\/a><\/li>\n<li class=\"menu-item menu-item-type-post_type menu-item-object-page menu-item-38\"><a href=\"https:\/\/amercavalcant.com\/it\/sobre\/\" class=\"elementor-item\" tabindex=\"-1\">Sobre<\/a><\/li>\n<li class=\"menu-item menu-item-type-post_type menu-item-object-page menu-item-37\"><a href=\"https:\/\/amercavalcant.com\/it\/contato\/\" class=\"elementor-item\" tabindex=\"-1\">Contato<\/a><\/li>\n<\/ul>\t\t\t<\/nav>\n\t\t\t\t\t\t<\/div>\n\t\t\t\t<\/div>\n\t\t\t\t<\/div>\n\t\t<div class=\"elementor-element elementor-element-5c70c84 e-con-full elementor-hidden-mobile elementor-hidden-laptop e-flex e-con e-child\" data-id=\"5c70c84\" data-element_type=\"container\" data-e-type=\"container\">\n\t\t\t\t<\/div>\n\t\t\t\t\t<\/div>\n\t\t\t\t<\/div>\n\t\t<div class=\"elementor-element elementor-element-23c22ff e-flex e-con-boxed e-con e-parent\" data-id=\"23c22ff\" data-element_type=\"container\" data-e-type=\"container\" data-settings=\"{&quot;background_background&quot;:&quot;classic&quot;}\">\n\t\t\t\t\t<div class=\"e-con-inner\">\n\t\t<div class=\"elementor-element elementor-element-d97bad2 e-flex e-con-boxed e-con e-child\" data-id=\"d97bad2\" data-element_type=\"container\" data-e-type=\"container\">\n\t\t\t\t\t<div class=\"e-con-inner\">\n\t\t\t\t<div class=\"elementor-element elementor-element-7ae2a90 elementor-widget elementor-widget-image\" data-id=\"7ae2a90\" data-element_type=\"widget\" data-e-type=\"widget\" data-widget_type=\"image.default\">\n\t\t\t\t<div class=\"elementor-widget-container\">\n\t\t\t\t\t\t\t\t\t\t\t\t\t\t\t<img decoding=\"async\" width=\"1200\" height=\"1500\" src=\"https:\/\/amercavalcant.com\/wp-content\/uploads\/2024\/08\/R5__0058-Editar-2-Editar-2.jpg\" class=\"attachment-full size-full wp-image-154\" alt=\"\" srcset=\"https:\/\/amercavalcant.com\/wp-content\/uploads\/2024\/08\/R5__0058-Editar-2-Editar-2.jpg 1200w, https:\/\/amercavalcant.com\/wp-content\/uploads\/2024\/08\/R5__0058-Editar-2-Editar-2-240x300.jpg 240w, https:\/\/amercavalcant.com\/wp-content\/uploads\/2024\/08\/R5__0058-Editar-2-Editar-2-819x1024.jpg 819w, https:\/\/amercavalcant.com\/wp-content\/uploads\/2024\/08\/R5__0058-Editar-2-Editar-2-768x960.jpg 768w\" sizes=\"(max-width: 1200px) 100vw, 1200px\" \/>\t\t\t\t\t\t\t\t\t\t\t\t\t\t\t<\/div>\n\t\t\t\t<\/div>\n\t\t\t\t\t<\/div>\n\t\t\t\t<\/div>\n\t\t<div class=\"elementor-element elementor-element-a49bfa0 e-con-full e-flex e-con e-child\" data-id=\"a49bfa0\" data-element_type=\"container\" data-e-type=\"container\">\n\t\t\t\t<div class=\"elementor-element elementor-element-b75bfcd elementor-widget elementor-widget-image\" data-id=\"b75bfcd\" data-element_type=\"widget\" data-e-type=\"widget\" data-widget_type=\"image.default\">\n\t\t\t\t<div class=\"elementor-widget-container\">\n\t\t\t\t\t\t\t\t\t\t\t\t\t\t\t<img decoding=\"async\" width=\"704\" height=\"200\" src=\"https:\/\/amercavalcant.com\/wp-content\/uploads\/2024\/09\/Logo-Amer-escrita-2.png\" class=\"attachment-large size-large wp-image-3449\" alt=\"\" srcset=\"https:\/\/amercavalcant.com\/wp-content\/uploads\/2024\/09\/Logo-Amer-escrita-2.png 704w, https:\/\/amercavalcant.com\/wp-content\/uploads\/2024\/09\/Logo-Amer-escrita-2-300x85.png 300w, https:\/\/amercavalcant.com\/wp-content\/uploads\/2024\/09\/Logo-Amer-escrita-2-18x5.png 18w\" sizes=\"(max-width: 704px) 100vw, 704px\" \/>\t\t\t\t\t\t\t\t\t\t\t\t\t\t\t<\/div>\n\t\t\t\t<\/div>\n\t\t\t\t<div class=\"elementor-element elementor-element-ffb89bd elementor-widget-divider--view-line elementor-widget elementor-widget-divider\" data-id=\"ffb89bd\" data-element_type=\"widget\" data-e-type=\"widget\" data-widget_type=\"divider.default\">\n\t\t\t\t<div class=\"elementor-widget-container\">\n\t\t\t\t\t\t\t<div class=\"elementor-divider\">\n\t\t\t<span class=\"elementor-divider-separator\">\n\t\t\t\t\t\t<\/span>\n\t\t<\/div>\n\t\t\t\t\t\t<\/div>\n\t\t\t\t<\/div>\n\t\t\t\t<div class=\"elementor-element elementor-element-c863550 elementor-widget elementor-widget-text-editor\" data-id=\"c863550\" data-element_type=\"widget\" data-e-type=\"widget\" data-widget_type=\"text-editor.default\">\n\t\t\t\t<div class=\"elementor-widget-container\">\n\t\t\t\t\t\t\t\t\t<p>Ol\u00e1 pessoal, eu sou o Amerson Cavalcanti, um fot\u00f3grafo apaixonado pela natureza e pela arte de capturar momentos \u00fanicos. Ao longo da minha jornada, tenho buscado ir al\u00e9m da simples fotografia de vida selvagem, buscando sempre aperfei\u00e7oar minha t\u00e9cnica, especialmente na edi\u00e7\u00e3o de cores em fotos e v\u00eddeos.<\/p><p>Tive a incr\u00edvel oportunidade de colaborar com algumas das empresas mais respeitadas do setor, como National Geographic, BBCEarth e Discover Earth. Durante essas parcerias, pude contribuir com meu talento para projetos que ganharam reconhecimento internacional, tanto em v\u00eddeos quanto em fotos.<\/p><p>Como fot\u00f3grafo, sou apaixonado por capturar a ess\u00eancia dos p\u00e1ssaros e da vida selvagem, transmitindo a emo\u00e7\u00e3o por tr\u00e1s de cada momento. Minha miss\u00e3o \u00e9 n\u00e3o apenas documentar, mas tamb\u00e9m celebrar a maravilha da natureza em toda sua grandiosidade. Espero que minhas fotos inspirem voc\u00eas a apreciar e proteger nosso incr\u00edvel planeta!<\/p>\t\t\t\t\t\t\t\t<\/div>\n\t\t\t\t<\/div>\n\t\t\t\t<\/div>\n\t\t\t\t\t<\/div>\n\t\t\t\t<\/div>\n\t\t<div class=\"elementor-element elementor-element-68cf4dc e-flex e-con-boxed e-con e-parent\" data-id=\"68cf4dc\" data-element_type=\"container\" data-e-type=\"container\" data-settings=\"{&quot;background_background&quot;:&quot;classic&quot;}\">\n\t\t\t\t\t<div class=\"e-con-inner\">\n\t\t<div class=\"elementor-element elementor-element-9f65aa3 e-con-full e-flex e-con e-child\" data-id=\"9f65aa3\" data-element_type=\"container\" data-e-type=\"container\">\n\t\t<div class=\"elementor-element elementor-element-b84f509 e-flex e-con-boxed e-con e-child\" data-id=\"b84f509\" data-element_type=\"container\" data-e-type=\"container\">\n\t\t\t\t\t<div class=\"e-con-inner\">\n\t\t\t\t<div class=\"elementor-element elementor-element-69dbba9 elementor-widget elementor-widget-heading\" data-id=\"69dbba9\" data-element_type=\"widget\" data-e-type=\"widget\" data-widget_type=\"heading.default\">\n\t\t\t\t<div class=\"elementor-widget-container\">\n\t\t\t\t\t<h2 class=\"elementor-heading-title elementor-size-default\">\u00a9 2026 - Amer Cavalcant | Photographer<\/h2>\t\t\t\t<\/div>\n\t\t\t\t<\/div>\n\t\t\t\t\t<\/div>\n\t\t\t\t<\/div>\n\t\t\t\t<\/div>\n\t\t<div class=\"elementor-element elementor-element-dc9c1e1 e-con-full e-flex e-con e-child\" data-id=\"dc9c1e1\" data-element_type=\"container\" data-e-type=\"container\">\n\t\t\t\t<div class=\"elementor-element elementor-element-9cc2b65 e-grid-align-right e-grid-align-mobile-center elementor-shape-rounded elementor-grid-0 elementor-widget elementor-widget-social-icons\" data-id=\"9cc2b65\" data-element_type=\"widget\" data-e-type=\"widget\" data-widget_type=\"social-icons.default\">\n\t\t\t\t<div class=\"elementor-widget-container\">\n\t\t\t\t\t\t\t<div class=\"elementor-social-icons-wrapper elementor-grid\" role=\"list\">\n\t\t\t\t\t\t\t<span class=\"elementor-grid-item\" role=\"listitem\">\n\t\t\t\t\t<a class=\"elementor-icon elementor-social-icon elementor-social-icon-instagram elementor-repeater-item-eadc893\" href=\"https:\/\/instagram.com\/amercavalcant\" target=\"_blank\">\n\t\t\t\t\t\t<span class=\"elementor-screen-only\">Instagram<\/span>\n\t\t\t\t\t\t<svg aria-hidden=\"true\" class=\"e-font-icon-svg e-fab-instagram\" viewBox=\"0 0 448 512\" xmlns=\"http:\/\/www.w3.org\/2000\/svg\"><path d=\"M224.1 141c-63.6 0-114.9 51.3-114.9 114.9s51.3 114.9 114.9 114.9S339 319.5 339 255.9 287.7 141 224.1 141zm0 189.6c-41.1 0-74.7-33.5-74.7-74.7s33.5-74.7 74.7-74.7 74.7 33.5 74.7 74.7-33.6 74.7-74.7 74.7zm146.4-194.3c0 14.9-12 26.8-26.8 26.8-14.9 0-26.8-12-26.8-26.8s12-26.8 26.8-26.8 26.8 12 26.8 26.8zm76.1 27.2c-1.7-35.9-9.9-67.7-36.2-93.9-26.2-26.2-58-34.4-93.9-36.2-37-2.1-147.9-2.1-184.9 0-35.8 1.7-67.6 9.9-93.9 36.1s-34.4 58-36.2 93.9c-2.1 37-2.1 147.9 0 184.9 1.7 35.9 9.9 67.7 36.2 93.9s58 34.4 93.9 36.2c37 2.1 147.9 2.1 184.9 0 35.9-1.7 67.7-9.9 93.9-36.2 26.2-26.2 34.4-58 36.2-93.9 2.1-37 2.1-147.8 0-184.8zM398.8 388c-7.8 19.6-22.9 34.7-42.6 42.6-29.5 11.7-99.5 9-132.1 9s-102.7 2.6-132.1-9c-19.6-7.8-34.7-22.9-42.6-42.6-11.7-29.5-9-99.5-9-132.1s-2.6-102.7 9-132.1c7.8-19.6 22.9-34.7 42.6-42.6 29.5-11.7 99.5-9 132.1-9s102.7-2.6 132.1 9c19.6 7.8 34.7 22.9 42.6 42.6 11.7 29.5 9 99.5 9 132.1s2.7 102.7-9 132.1z\"><\/path><\/svg>\t\t\t\t\t<\/a>\n\t\t\t\t<\/span>\n\t\t\t\t\t\t\t<span class=\"elementor-grid-item\" role=\"listitem\">\n\t\t\t\t\t<a class=\"elementor-icon elementor-social-icon elementor-social-icon-envelope elementor-repeater-item-7658b0b\" href=\"https:\/\/amercavalcant.com\/contato\/\" target=\"_blank\">\n\t\t\t\t\t\t<span class=\"elementor-screen-only\">Envelope<\/span>\n\t\t\t\t\t\t<svg aria-hidden=\"true\" class=\"e-font-icon-svg e-fas-envelope\" viewBox=\"0 0 512 512\" xmlns=\"http:\/\/www.w3.org\/2000\/svg\"><path d=\"M502.3 190.8c3.9-3.1 9.7-.2 9.7 4.7V400c0 26.5-21.5 48-48 48H48c-26.5 0-48-21.5-48-48V195.6c0-5 5.7-7.8 9.7-4.7 22.4 17.4 52.1 39.5 154.1 113.6 21.1 15.4 56.7 47.8 92.2 47.6 35.7.3 72-32.8 92.3-47.6 102-74.1 131.6-96.3 154-113.7zM256 320c23.2.4 56.6-29.2 73.4-41.4 132.7-96.3 142.8-104.7 173.4-128.7 5.8-4.5 9.2-11.5 9.2-18.9v-19c0-26.5-21.5-48-48-48H48C21.5 64 0 85.5 0 112v19c0 7.4 3.4 14.3 9.2 18.9 30.6 23.9 40.7 32.4 173.4 128.7 16.8 12.2 50.2 41.8 73.4 41.4z\"><\/path><\/svg>\t\t\t\t\t<\/a>\n\t\t\t\t<\/span>\n\t\t\t\t\t<\/div>\n\t\t\t\t\t\t<\/div>\n\t\t\t\t<\/div>\n\t\t\t\t<\/div>\n\t\t\t\t\t<\/div>\n\t\t\t\t<\/div>\n\t\t\t\t<\/div>\n\t\t","protected":false},"excerpt":{"rendered":"<p>Ol\u00e1 pessoal, eu sou o Amerson Cavalcanti, um fot\u00f3grafo apaixonado pela natureza e pela arte de capturar momentos \u00fanicos. Ao longo da minha jornada, tenho buscado ir al\u00e9m da simples fotografia de vida selvagem, buscando sempre aperfei\u00e7oar minha t\u00e9cnica, especialmente na edi\u00e7\u00e3o de cores em fotos e v\u00eddeos. Tive a incr\u00edvel oportunidade de colaborar com [&hellip;]<\/p>\n","protected":false},"author":2,"featured_media":0,"parent":0,"menu_order":0,"comment_status":"closed","ping_status":"closed","template":"elementor_canvas","meta":{"_glsr_average":0,"_glsr_ranking":0,"_glsr_reviews":0,"footnotes":""},"class_list":["post-33","page","type-page","status-publish","hentry"],"yoast_head":"<!-- This site is optimized with the Yoast SEO Premium plugin v23.3 (Yoast SEO v27.1.1) - https:\/\/yoast.com\/product\/yoast-seo-premium-wordpress\/ -->\n<title>Sobre - Amer Cavalcant<\/title>\n<meta name=\"robots\" content=\"index, follow, max-snippet:-1, max-image-preview:large, max-video-preview:-1\" \/>\n<link rel=\"canonical\" href=\"https:\/\/amercavalcant.com\/it\/sobre\/\" \/>\n<meta property=\"og:locale\" content=\"it_IT\" \/>\n<meta property=\"og:type\" content=\"article\" \/>\n<meta property=\"og:title\" content=\"Sobre\" \/>\n<meta property=\"og:description\" content=\"Ol\u00e1 pessoal, eu sou o Amerson Cavalcanti, um fot\u00f3grafo apaixonado pela natureza e pela arte de capturar momentos \u00fanicos. Ao longo da minha jornada, tenho buscado ir al\u00e9m da simples fotografia de vida selvagem, buscando sempre aperfei\u00e7oar minha t\u00e9cnica, especialmente na edi\u00e7\u00e3o de cores em fotos e v\u00eddeos. Tive a incr\u00edvel oportunidade de colaborar com [&hellip;]\" \/>\n<meta property=\"og:url\" content=\"https:\/\/amercavalcant.com\/it\/sobre\/\" \/>\n<meta property=\"og:site_name\" content=\"Amer Cavalcant\" \/>\n<meta property=\"article:modified_time\" content=\"2026-02-06T20:12:43+00:00\" \/>\n<meta property=\"og:image\" content=\"https:\/\/amercavalcant.com\/wp-content\/uploads\/2024\/08\/logo-amer-cavalcant-presset-lightroom2-768x212.png.webp\" \/>\n<meta name=\"twitter:card\" content=\"summary_large_image\" \/>\n<meta name=\"twitter:label1\" content=\"Tempo di lettura stimato\" \/>\n\t<meta name=\"twitter:data1\" content=\"2 minuti\" \/>\n<script type=\"application\/ld+json\" class=\"yoast-schema-graph\">{\"@context\":\"https:\/\/schema.org\",\"@graph\":[{\"@type\":\"WebPage\",\"@id\":\"https:\/\/amercavalcant.com\/sobre\/\",\"url\":\"https:\/\/amercavalcant.com\/sobre\/\",\"name\":\"Sobre - Amer Cavalcant\",\"isPartOf\":{\"@id\":\"https:\/\/amercavalcant.com\/#website\"},\"primaryImageOfPage\":{\"@id\":\"https:\/\/amercavalcant.com\/sobre\/#primaryimage\"},\"image\":{\"@id\":\"https:\/\/amercavalcant.com\/sobre\/#primaryimage\"},\"thumbnailUrl\":\"https:\/\/amercavalcant.com\/wp-content\/uploads\/2024\/08\/logo-amer-cavalcant-presset-lightroom2-768x212.png.webp\",\"datePublished\":\"2024-08-23T22:37:14+00:00\",\"dateModified\":\"2026-02-06T20:12:43+00:00\",\"breadcrumb\":{\"@id\":\"https:\/\/amercavalcant.com\/sobre\/#breadcrumb\"},\"inLanguage\":\"it-IT\",\"potentialAction\":[{\"@type\":\"ReadAction\",\"target\":[\"https:\/\/amercavalcant.com\/sobre\/\"]}]},{\"@type\":\"ImageObject\",\"inLanguage\":\"it-IT\",\"@id\":\"https:\/\/amercavalcant.com\/sobre\/#primaryimage\",\"url\":\"https:\/\/amercavalcant.com\/wp-content\/uploads\/2024\/08\/logo-amer-cavalcant-presset-lightroom2-768x212.png.webp\",\"contentUrl\":\"https:\/\/amercavalcant.com\/wp-content\/uploads\/2024\/08\/logo-amer-cavalcant-presset-lightroom2-768x212.png.webp\"},{\"@type\":\"BreadcrumbList\",\"@id\":\"https:\/\/amercavalcant.com\/sobre\/#breadcrumb\",\"itemListElement\":[{\"@type\":\"ListItem\",\"position\":1,\"name\":\"In\u00edcio\",\"item\":\"https:\/\/amercavalcant.com\/\"},{\"@type\":\"ListItem\",\"position\":2,\"name\":\"Sobre\"}]},{\"@type\":\"WebSite\",\"@id\":\"https:\/\/amercavalcant.com\/#website\",\"url\":\"https:\/\/amercavalcant.com\/\",\"name\":\"Amer Cavalcant\",\"description\":\"Brazilian nature and wildlife photographer. Dedicated to capturing the natural essence with an artistic eye.\",\"publisher\":{\"@id\":\"https:\/\/amercavalcant.com\/#\/schema\/person\/c76f71c57258ff8fc615244b3b892dd7\"},\"potentialAction\":[{\"@type\":\"SearchAction\",\"target\":{\"@type\":\"EntryPoint\",\"urlTemplate\":\"https:\/\/amercavalcant.com\/?s={search_term_string}\"},\"query-input\":{\"@type\":\"PropertyValueSpecification\",\"valueRequired\":true,\"valueName\":\"search_term_string\"}}],\"inLanguage\":\"it-IT\"},{\"@type\":[\"Person\",\"Organization\"],\"@id\":\"https:\/\/amercavalcant.com\/#\/schema\/person\/c76f71c57258ff8fc615244b3b892dd7\",\"name\":\"Amer Cavalcant\",\"image\":{\"@type\":\"ImageObject\",\"inLanguage\":\"it-IT\",\"@id\":\"https:\/\/amercavalcant.com\/#\/schema\/person\/image\/\",\"url\":\"https:\/\/amercavalcant.com\/wp-content\/uploads\/2024\/09\/cropped-LOGO-AMERR-AC-2.png\",\"contentUrl\":\"https:\/\/amercavalcant.com\/wp-content\/uploads\/2024\/09\/cropped-LOGO-AMERR-AC-2.png\",\"width\":512,\"height\":512,\"caption\":\"Amer Cavalcant\"},\"logo\":{\"@id\":\"https:\/\/amercavalcant.com\/#\/schema\/person\/image\/\"},\"sameAs\":[\"https:\/\/www.instagram.com\/amercavalcant\"]}]}<\/script>\n<!-- \/ Yoast SEO Premium plugin. -->","yoast_head_json":{"title":"Sobre - Amer Cavalcant","robots":{"index":"index","follow":"follow","max-snippet":"max-snippet:-1","max-image-preview":"max-image-preview:large","max-video-preview":"max-video-preview:-1"},"canonical":"https:\/\/amercavalcant.com\/it\/sobre\/","og_locale":"it_IT","og_type":"article","og_title":"Sobre","og_description":"Ol\u00e1 pessoal, eu sou o Amerson Cavalcanti, um fot\u00f3grafo apaixonado pela natureza e pela arte de capturar momentos \u00fanicos. Ao longo da minha jornada, tenho buscado ir al\u00e9m da simples fotografia de vida selvagem, buscando sempre aperfei\u00e7oar minha t\u00e9cnica, especialmente na edi\u00e7\u00e3o de cores em fotos e v\u00eddeos. Tive a incr\u00edvel oportunidade de colaborar com [&hellip;]","og_url":"https:\/\/amercavalcant.com\/it\/sobre\/","og_site_name":"Amer Cavalcant","article_modified_time":"2026-02-06T20:12:43+00:00","og_image":[{"url":"https:\/\/amercavalcant.com\/wp-content\/uploads\/2024\/08\/logo-amer-cavalcant-presset-lightroom2-768x212.png.webp","type":"","width":"","height":""}],"twitter_card":"summary_large_image","twitter_misc":{"Tempo di lettura stimato":"2 minuti"},"schema":{"@context":"https:\/\/schema.org","@graph":[{"@type":"WebPage","@id":"https:\/\/amercavalcant.com\/sobre\/","url":"https:\/\/amercavalcant.com\/sobre\/","name":"Sobre - Amer Cavalcant","isPartOf":{"@id":"https:\/\/amercavalcant.com\/#website"},"primaryImageOfPage":{"@id":"https:\/\/amercavalcant.com\/sobre\/#primaryimage"},"image":{"@id":"https:\/\/amercavalcant.com\/sobre\/#primaryimage"},"thumbnailUrl":"https:\/\/amercavalcant.com\/wp-content\/uploads\/2024\/08\/logo-amer-cavalcant-presset-lightroom2-768x212.png.webp","datePublished":"2024-08-23T22:37:14+00:00","dateModified":"2026-02-06T20:12:43+00:00","breadcrumb":{"@id":"https:\/\/amercavalcant.com\/sobre\/#breadcrumb"},"inLanguage":"it-IT","potentialAction":[{"@type":"ReadAction","target":["https:\/\/amercavalcant.com\/sobre\/"]}]},{"@type":"ImageObject","inLanguage":"it-IT","@id":"https:\/\/amercavalcant.com\/sobre\/#primaryimage","url":"https:\/\/amercavalcant.com\/wp-content\/uploads\/2024\/08\/logo-amer-cavalcant-presset-lightroom2-768x212.png.webp","contentUrl":"https:\/\/amercavalcant.com\/wp-content\/uploads\/2024\/08\/logo-amer-cavalcant-presset-lightroom2-768x212.png.webp"},{"@type":"BreadcrumbList","@id":"https:\/\/amercavalcant.com\/sobre\/#breadcrumb","itemListElement":[{"@type":"ListItem","position":1,"name":"In\u00edcio","item":"https:\/\/amercavalcant.com\/"},{"@type":"ListItem","position":2,"name":"Sobre"}]},{"@type":"WebSite","@id":"https:\/\/amercavalcant.com\/#website","url":"https:\/\/amercavalcant.com\/","name":"Amer Cavalcant","description":"Brazilian nature and wildlife photographer. Dedicated to capturing the natural essence with an artistic eye.","publisher":{"@id":"https:\/\/amercavalcant.com\/#\/schema\/person\/c76f71c57258ff8fc615244b3b892dd7"},"potentialAction":[{"@type":"SearchAction","target":{"@type":"EntryPoint","urlTemplate":"https:\/\/amercavalcant.com\/?s={search_term_string}"},"query-input":{"@type":"PropertyValueSpecification","valueRequired":true,"valueName":"search_term_string"}}],"inLanguage":"it-IT"},{"@type":["Person","Organization"],"@id":"https:\/\/amercavalcant.com\/#\/schema\/person\/c76f71c57258ff8fc615244b3b892dd7","name":"Amer Cavalcant","image":{"@type":"ImageObject","inLanguage":"it-IT","@id":"https:\/\/amercavalcant.com\/#\/schema\/person\/image\/","url":"https:\/\/amercavalcant.com\/wp-content\/uploads\/2024\/09\/cropped-LOGO-AMERR-AC-2.png","contentUrl":"https:\/\/amercavalcant.com\/wp-content\/uploads\/2024\/09\/cropped-LOGO-AMERR-AC-2.png","width":512,"height":512,"caption":"Amer Cavalcant"},"logo":{"@id":"https:\/\/amercavalcant.com\/#\/schema\/person\/image\/"},"sameAs":["https:\/\/www.instagram.com\/amercavalcant"]}]}},"_links":{"self":[{"href":"https:\/\/amercavalcant.com\/it\/wp-json\/wp\/v2\/pages\/33","targetHints":{"allow":["GET"]}}],"collection":[{"href":"https:\/\/amercavalcant.com\/it\/wp-json\/wp\/v2\/pages"}],"about":[{"href":"https:\/\/amercavalcant.com\/it\/wp-json\/wp\/v2\/types\/page"}],"author":[{"embeddable":true,"href":"https:\/\/amercavalcant.com\/it\/wp-json\/wp\/v2\/users\/2"}],"replies":[{"embeddable":true,"href":"https:\/\/amercavalcant.com\/it\/wp-json\/wp\/v2\/comments?post=33"}],"version-history":[{"count":69,"href":"https:\/\/amercavalcant.com\/it\/wp-json\/wp\/v2\/pages\/33\/revisions"}],"predecessor-version":[{"id":6564,"href":"https:\/\/amercavalcant.com\/it\/wp-json\/wp\/v2\/pages\/33\/revisions\/6564"}],"wp:attachment":[{"href":"https:\/\/amercavalcant.com\/it\/wp-json\/wp\/v2\/media?parent=33"}],"curies":[{"name":"wp","href":"https:\/\/api.w.org\/{rel}","templated":true}]}}